{"id":40,"date":"2013-10-20T12:48:26","date_gmt":"2013-10-20T10:48:26","guid":{"rendered":"https:\/\/xn--schlsseldienst-lehrte-cic.de\/schluesseldienst\/?page_id=40"},"modified":"2014-09-05T13:35:18","modified_gmt":"2014-09-05T11:35:18","slug":"schluesseldienst-lehrte-impressum","status":"publish","type":"page","link":"https:\/\/xn--schlsseldienst-lehrte-cic.de\/schluesseldienst\/schluesseldienst-lehrte-impressum","title":{"rendered":"Schl\u00fcsseldienst Lehrte Impressum"},"content":{"rendered":"<figure id=\"attachment_42\" aria-describedby=\"caption-attachment-42\" style=\"width: 300px\" class=\"wp-caption aligncenter\"><a href=\"https:\/\/xn--schlsseldienst-lehrte-cic.de\/schluesseldienst\/wp-content\/uploads\/Fotolia_40440272_S.gif\"><img loading=\"lazy\" decoding=\"async\" class=\"size-medium wp-image-42 \" title=\"Schl\u00fcsseldienst Lehrte Impessum\" alt=\"Impressum\" src=\"https:\/\/xn--schlsseldienst-lehrte-cic.de\/schluesseldienst\/wp-content\/uploads\/Fotolia_40440272_S-300x187.gif\" width=\"300\" height=\"187\" \/><\/a><figcaption id=\"caption-attachment-42\" class=\"wp-caption-text\">Impressum<\/figcaption><\/figure>\n<p>&nbsp;<\/p>\n<p>&nbsp;<\/p>\n<h2>Schl\u00fcsseldienst Lehrte<\/h2>\n<p>&nbsp;<\/p>\n<div>\n<p><strong>Impressum:<\/strong><\/p>\n<p>Lagershausen Sicherheitstechnik<\/p>\n<p>Inhaber: Frank Lagershausen<br \/>\nPodbielskistrasse 36, 30177 Hannover<\/p>\n<p>Telefon: 05 11 \u2013 39 39 69<br \/>\nTelefax: 05 11 \u2013 39 39 79<\/p>\n<p>Mail: Schluesseldienst@online.ms<\/p>\n<p>Umsatzsteueridentnummer: DE 115622326<\/p>\n<p>&nbsp;<\/p>\n<p>&nbsp;<\/p>\n<p>&nbsp;<\/p>\n<p><strong>Bildnachweis:<\/strong><br \/>\nGrunge Stempel rot SCHNELLE HILFE\u00a9 Daniel Ernst \u2013 Fotolia.com<br \/>\nNotdienst: 24H\u00a9 Visual Concepts \u2013 Fotolia.com<br \/>\nImpressum\u00a9 3D-Designs \u2013 Fotolia.com<br \/>\ntablet schl\u00fcssel-dienst I\u00a9 WoGi \u2013 Fotolia.com<br \/>\nSecurity Button\u00a9 Do Ra \u2013 Fotolia.com<br \/>\n24 h Notdienst\u00a9 JENS \u2013 Fotolia.com<br \/>\nSticker rot rund curl unten WIR KOMMEN SOFORT!\u00a9 Daniel Ernst \u2013 Fotolia.com<br \/>\nDienstleistung rund um die Uhr\u00a9 PictureP. \u2013 Fotolia.com<br \/>\nHand mit Daumen hoch durchbricht Wand\u00a9 Light Impression \u2013 Fotolia.com<br \/>\nZufriedenheits Garantie Button\/Plakette\u00a9 DWP \u2013 Fotolia.com<br \/>\nProblem &amp; L\u00f6sung Slogan\u00a9 bartrow \u2013 Fotolia.com<br \/>\nAlarmgesichert\u00a9 Sascha Bergmann \u2013 Fotolia.com<br \/>\nElektro-Service\u00a9 buzz \u2013 Fotolia.com<br \/>\nSchl\u00fcssel Notdienst \u2013 24 Stunden \u2013 Service rund um die Uhr\u00a9 abcmedia \u2013 Fotolia.com<br \/>\nMay I help you?\u00a9 Gina Sanders \u2013 Fotolia.com<br \/>\nkennzeichen leipzig\u00a9 LaCatrina \u2013 Fotolia.com<br \/>\ngolden sunrise\u00a9 goce risteski \u2013 Fotolia.com<br \/>\nSonne2\u00a9 Tetastock \u2013 Fotolia.com<br \/>\nMond\u00a9 Tetastock \u2013 Fotolia.com<br \/>\nWerkzeug und Haus\u00a9 scusi \u2013 Fotolia.com<br \/>\nFerienWohnung\u00a9 Marcus Kretschmar \u2013 Fotolia.com<br \/>\nHausmeisterservice\u00a9 Photo-K \u2013 Fotolia.com<br \/>\nCall Sign 3D in Blue\u00a9 Spencer \u2013 Fotolia.com<br \/>\nh\u00e4kchen\u00a9 fishfinger \u2013 Fotolia.com<br \/>\nTelefon \u2013 Buttons\u00a9 Dark Vectorangel \u2013 Fotolia.com<br \/>\nGold keys\u00a9 Kapley \u2013 Fotolia.com<br \/>\nschl\u00fcssel\u00fcbergabe\u00a9 philipus \u2013 Fotolia.com<br \/>\nhand with chrome house key isolated handing over\u00a9 Eddie Clifton \u2013 Fotolia.com<br \/>\ntwo keys on a palm\u00a9 Alex \u2013 Fotolia.com<\/p>\n<p>House key\u00a9 zentilia \u2013 Fotolia.com<\/p>\n<p>Schl\u00fcsseldienst\u00a9 Dan Race \u2013 Fotolia.com<br \/>\ncl\u00e9\u00a9 Michel-R \u2013 Fotolia.com<br \/>\nRetro telephone receiver. 3D generated image\u00a9 Alex Kalmbach \u2013 Fotolia.com<br \/>\nvideo\u00a9 kaipity \u2013 Fotolia.com<br \/>\nQualit\u00e4t Button Bestpreis\u00a9 Visual Concepts \u2013 Fotolia.com<br \/>\nQualit\u00e4t, Kompetenz, Service\u00a9 Visual Concepts \u2013 Fotolia.com<br \/>\nButton Qualit\u00e4t die \u00fcberzeugt\u00a9 Visual Concepts \u2013 Fotolia.com<br \/>\nService \u2013 Rund um die Uhr\u00a9 abcmedia \u2013 Fotolia.com<br \/>\nNotdienst \u2013 Service \u2013 Rund um die Uhr\u00a9 abcmedia \u2013 Fotolia.com<br \/>\nbusiness sign\u00a9 Philip Date \u2013 Fotolia.com<br \/>\nGeld sicher anlegen\u00a9 ExQuisine \u2013 Fotolia.com<br \/>\nKeymaker\u00a9 L.S. \u2013 Fotolia.com<br \/>\nCute smiling redhead girl holding keys towards the camera\u00a9 Domen Colja \u2013 Fotolia.com<\/p>\n<p><strong>Datenschutzerkl\u00e4rung<\/strong><\/p>\n<p>Diese Website benutzt Google Analytics, einen Webanalysedienst der Google Inc. (\u201eGoogle\u201c). Google Analytics verwendet sog. \u201eCookies\u201c, Textdateien, die auf Ihrem Computer gespeichert werden und die eine Analyse der Benutzung der Website durch Sie erm\u00f6glichen. Die durch den Cookie erzeugten Informationen \u00fcber Ihre Benutzung dieser Website werden in der Regel an einen Server von Google in den USA \u00fcbertragen und dort gespeichert. Im Falle der Aktivierung der IP-Anonymisierung auf dieser Webseite, wird Ihre IP-Adresse von Google jedoch innerhalb von Mitgliedstaaten der Europ\u00e4ischen Union oder in anderen Vertragsstaaten des Abkommens \u00fcber den Europ\u00e4ischen Wirtschaftsraum zuvor gek\u00fcrzt. Nur in Ausnahmef\u00e4llen wird die volle IP-Adresse an einen Server von Google in den USA \u00fcbertragen und dort gek\u00fcrzt. Im Auftrag des Betreibers dieser Website wird Google diese Informationen benutzen, um Ihre Nutzung der Website auszuwerten, um Reports \u00fcber die Websiteaktivit\u00e4ten zusammenzustellen und um weitere mit der Websitenutzung und der Internetnutzung verbundene Dienstleistungen gegen\u00fcber dem Websitebetreiber zu erbringen. Die im Rahmen von Google Analytics von Ihrem Browser \u00fcbermittelte IP-Adresse wird nicht mit anderen Daten von Google zusammengef\u00fchrt. Sie k\u00f6nnen die Speicherung der Cookies durch eine entsprechende Einstellung Ihrer Browser-Software verhindern; wir weisen Sie jedoch darauf hin, dass Sie in diesem Fall gegebenenfalls nicht s\u00e4mtliche Funktionen dieser Website vollumf\u00e4nglich werden nutzen k\u00f6nnen. Sie k\u00f6nnen dar\u00fcber hinaus die Erfassung der durch das Cookie erzeugten und auf Ihre Nutzung der Website bezogenen Daten (inkl. Ihrer IP-Adresse) an Google sowie die Verarbeitung dieser Daten durch Google verhindern, indem sie das unter dem folgenden Link verf\u00fcgbare Browser-Plugin herunterladen und installieren: http:\/\/tools.google.com\/dlpage\/gaoptout<\/p>\n<\/div>\n<p>&nbsp;<\/p>\n<p><meta name=\"DC.title\" content=\"Schluesseldienst Lehrte\" \/><br \/>\n<meta name=\"geo.region\" content=\"DE\" \/><br \/>\n<meta name=\"geo.placename\" content=\"Lehrte\" \/><br \/>\n<meta name=\"geo.position\" content=\"52.375283;9.974351\" \/><br \/>\n<meta name=\"ICBM\" content=\"52.375283, 9.974351\" \/><\/p>\n","protected":false},"excerpt":{"rendered":"<p>&nbsp; &nbsp; Schl\u00fcsseldienst Lehrte &nbsp; Impressum: Lagershausen Sicherheitstechnik Inhaber: Frank Lagershausen Podbielskistrasse 36, 30177 Hannover Telefon: 05 11 \u2013 39 39 69 Telefax: 05 11 \u2013 39 39 79 Mail: Schluesseldienst@online.ms Umsatzsteueridentnummer: DE 115622326 &nbsp; &nbsp; &nbsp; Bildnachweis: Grunge Stempel rot SCHNELLE HILFE\u00a9 Daniel Ernst \u2013 Fotolia.com Notdienst: 24H\u00a9 Visual Concepts \u2013 Fotolia.com Impressum\u00a9 3D-Designs &hellip; <a href=\"https:\/\/xn--schlsseldienst-lehrte-cic.de\/schluesseldienst\/schluesseldienst-lehrte-impressum\" class=\"more-link\"><span class=\"screen-reader-text\">Schl\u00fcsseldienst Lehrte Impressum<\/span> weiterlesen <span class=\"meta-nav\">&rarr;<\/span><\/a><\/p>\n","protected":false},"author":1,"featured_media":0,"parent":0,"menu_order":0,"comment_status":"open","ping_status":"open","template":"","meta":{"footnotes":""},"class_list":["post-40","page","type-page","status-publish","hentry"],"_links":{"self":[{"href":"https:\/\/xn--schlsseldienst-lehrte-cic.de\/schluesseldienst\/wp-json\/wp\/v2\/pages\/40","targetHints":{"allow":["GET"]}}],"collection":[{"href":"https:\/\/xn--schlsseldienst-lehrte-cic.de\/schluesseldienst\/wp-json\/wp\/v2\/pages"}],"about":[{"href":"https:\/\/xn--schlsseldienst-lehrte-cic.de\/schluesseldienst\/wp-json\/wp\/v2\/types\/page"}],"author":[{"embeddable":true,"href":"https:\/\/xn--schlsseldienst-lehrte-cic.de\/schluesseldienst\/wp-json\/wp\/v2\/users\/1"}],"replies":[{"embeddable":true,"href":"https:\/\/xn--schlsseldienst-lehrte-cic.de\/schluesseldienst\/wp-json\/wp\/v2\/comments?post=40"}],"version-history":[{"count":0,"href":"https:\/\/xn--schlsseldienst-lehrte-cic.de\/schluesseldienst\/wp-json\/wp\/v2\/pages\/40\/revisions"}],"wp:attachment":[{"href":"https:\/\/xn--schlsseldienst-lehrte-cic.de\/schluesseldienst\/wp-json\/wp\/v2\/media?parent=40"}],"curies":[{"name":"wp","href":"https:\/\/api.w.org\/{rel}","templated":true}]}}