{"id":251,"date":"2025-08-03T10:06:36","date_gmt":"2025-08-03T08:06:36","guid":{"rendered":"https:\/\/xn--schlsseldienst-lehrte-cic.de\/schluesseldienst\/?page_id=251"},"modified":"2025-12-22T22:52:27","modified_gmt":"2025-12-22T20:52:27","slug":"arpke","status":"publish","type":"page","link":"https:\/\/xn--schlsseldienst-lehrte-cic.de\/schluesseldienst\/arpke","title":{"rendered":"Arpke"},"content":{"rendered":"<h2>Schl\u00fcsseldienst Arpke<\/h2>\n<figure id=\"attachment_229\" aria-describedby=\"caption-attachment-229\" style=\"width: 300px\" class=\"wp-caption alignnone\"><a href=\"https:\/\/xn--schlsseldienst-lehrte-cic.de\/schluesseldienst\/wp-content\/uploads\/24-Stunden-Tueroeffnung-Immensen.jpg\"><img loading=\"lazy\" decoding=\"async\" class=\"wp-image-229 size-medium\" src=\"https:\/\/xn--schlsseldienst-lehrte-cic.de\/schluesseldienst\/wp-content\/uploads\/24-Stunden-Tueroeffnung-Immensen-300x300.jpg\" alt=\"Schl\u00fcsseldienst Arpke\" width=\"300\" height=\"300\" srcset=\"https:\/\/xn--schlsseldienst-lehrte-cic.de\/schluesseldienst\/wp-content\/uploads\/24-Stunden-Tueroeffnung-Immensen-300x300.jpg 300w, https:\/\/xn--schlsseldienst-lehrte-cic.de\/schluesseldienst\/wp-content\/uploads\/24-Stunden-Tueroeffnung-Immensen-150x150.jpg 150w, https:\/\/xn--schlsseldienst-lehrte-cic.de\/schluesseldienst\/wp-content\/uploads\/24-Stunden-Tueroeffnung-Immensen.jpg 693w\" sizes=\"auto, (max-width: 300px) 100vw, 300px\" \/><\/a><figcaption id=\"caption-attachment-229\" class=\"wp-caption-text\">Tag &amp; Nacht T\u00fcr\u00f6ffnung Arpke<\/figcaption><\/figure>\n<p>&nbsp;<\/p>\n<p style=\"text-align: center;\">Der <strong>Schl\u00fcsseldienst Arpke<\/strong> (05132-5954175) hilft in und um Lehrte sofort wenn die T\u00fcr zu ist. Unser preiswerter Sofortservice f\u00fcr Immensen ist schnell bei Ihnen.<\/p>\n<p style=\"text-align: center;\">Bester Service und \u00fcber 35 Jahre Erfahrung im Schl\u00fcsseldienst Bereich sprechen f\u00fcr sich. Wenn es um Absicherungen oder T\u00fcr\u00f6ffnungen geht, ist unser Schl\u00fcsseldienst f\u00fcr Lehrte Ortsteil Arpke Ihr zuverl\u00e4ssiger Partner. Eine g\u00fcnstige Kostenstruktur und ein Profi Serviceteam mit besten \u00d6ffnungswerkzeugen machen diesen Schl\u00fcsselnotdienst zu einem leistungsf\u00e4higen Anbieter im Bereich T\u00fcr\u00f6ffnungen und Absicherungen aller Art.<\/p>\n<figure id=\"attachment_20\" aria-describedby=\"caption-attachment-20\" style=\"width: 300px\" class=\"wp-caption aligncenter\"><a href=\"https:\/\/xn--schlsseldienst-lehrte-cic.de\/schluesseldienst\/wp-content\/uploads\/Fotolia_49855480_S-1.jpg\"><img loading=\"lazy\" decoding=\"async\" class=\"wp-image-20 size-medium\" title=\"25 Jahre Schl\u00fcsseldienst Erfahrung\" src=\"https:\/\/xn--schlsseldienst-lehrte-cic.de\/schluesseldienst\/wp-content\/uploads\/Fotolia_49855480_S-1-300x300.jpg\" alt=\"Schl\u00fcsseldienst Arpke\" width=\"300\" height=\"300\" srcset=\"https:\/\/xn--schlsseldienst-lehrte-cic.de\/schluesseldienst\/wp-content\/uploads\/Fotolia_49855480_S-1-300x300.jpg 300w, https:\/\/xn--schlsseldienst-lehrte-cic.de\/schluesseldienst\/wp-content\/uploads\/Fotolia_49855480_S-1-150x150.jpg 150w, https:\/\/xn--schlsseldienst-lehrte-cic.de\/schluesseldienst\/wp-content\/uploads\/Fotolia_49855480_S-1.jpg 693w\" sizes=\"auto, (max-width: 300px) 100vw, 300px\" \/><\/a><figcaption id=\"caption-attachment-20\" class=\"wp-caption-text\">Immer f\u00fcr Sie da Schl\u00fcsseldienst Lehrte Arpke<\/figcaption><\/figure>\n<p style=\"text-align: center;\">Fallen Sie nicht auf die schwarzen Schafe der Branche herein, die oft keine genauen oder falsche Preisangaben machen. Bei uns erhalten Sie eine Festpreisgarantie. Ehrliche faire Preise und ein schneller Profiservice \u2013 das ist unser Motto. Sch\u00fctzen Sie jetzt Ihren Geldbeutel und Ihre Nerven. Unser freundliches Team vom Schl\u00fcsseldienst f\u00fcr Lehrte freut sich auf Ihren Anruf unter 05132-5954175 und beantwortet Ihnen gerne alle Fragen zum Thema Preise und T\u00fcr\u00f6ffnung. Beim Schl\u00fcsseldienst Lehrte Arpke sind Sie in guten H\u00e4nden.<\/p>\n<p>Keine versteckten Kosten \u2013 volle Preistransparenz \u2013 das sind unsere T\u00fcr\u00f6ffnung \u2013 Preise:<\/p>\n<ul>\n<li><strong>Montag bis Samstag von 08.00 Uhr bis 22.00 Uhr = \u20ac 111,-<\/strong><\/li>\n<li><strong>Nachts, Sonntag und an Feiertag \u20ac 140,\u2013<\/strong><\/li>\n<\/ul>\n<p>Die Preise sind f\u00fcr Lehrte\/Arpke g\u00fcltig und enthalten Mehrwertsteuer und Fahrtkosten sowie eventuelle Sonderdienst Zuschl\u00e4ge. In wenigen F\u00e4llen kann es erforderlich sein, dass der Schlie\u00dfzylinder nach der T\u00fcr\u00f6ffnung getauscht werden muss. Die Kosten hier belaufen sich je nach Zylinderl\u00e4nge zwischen \u20ac 35,\u2013 bis \u20ac 60,\u2013. Wir sind in jedem Fall aber sehr bem\u00fcht, Ihre T\u00fcr ohne Zylindertausch zu \u00f6ffnen. Bei zugefallenen T\u00fcr \u00f6ffnen wir 99,5% aller T\u00fcren ohne Zylinderwechsel. Selbst wenn der Schl\u00fcssel von der Innenseite steckt, bekommen unsere Fachleute die T\u00fcr meist ohne Zylinderwechsel ge\u00f6ffnet.<\/p>\n<p><span style=\"line-height: 1.5;\">Als Zahlungsmittel nehmen wir Bargeld oder Kartenzahlung an. Die Bezahlung ist sofort nach der Arbeitsausf\u00fchrung f\u00e4llig.<\/span><\/p>\n<p><span style=\"color: #ff0000;\"><strong>Jetzt anrufen!\u00a0 T\u00fcr\u00f6ffnung Immensen 05132-5954175<\/strong><\/span><\/p>\n<figure id=\"attachment_19\" aria-describedby=\"caption-attachment-19\" style=\"width: 300px\" class=\"wp-caption aligncenter\"><a href=\"https:\/\/xn--schlsseldienst-lehrte-cic.de\/schluesseldienst\/wp-content\/uploads\/Fotolia_11959274_XS.jpg\"><img loading=\"lazy\" decoding=\"async\" class=\"wp-image-19 size-medium\" title=\"Festpreise vom Schl\u00fcsseldienst Fachmann\" src=\"https:\/\/xn--schlsseldienst-lehrte-cic.de\/schluesseldienst\/wp-content\/uploads\/Fotolia_11959274_XS-300x211.jpg\" alt=\"Fachleute Arpke \u00f6ffnen Ihre T\u00fcr\" width=\"300\" height=\"211\" srcset=\"https:\/\/xn--schlsseldienst-lehrte-cic.de\/schluesseldienst\/wp-content\/uploads\/Fotolia_11959274_XS-300x211.jpg 300w, https:\/\/xn--schlsseldienst-lehrte-cic.de\/schluesseldienst\/wp-content\/uploads\/Fotolia_11959274_XS.jpg 412w\" sizes=\"auto, (max-width: 300px) 100vw, 300px\" \/><\/a><figcaption id=\"caption-attachment-19\" class=\"wp-caption-text\">Wirkliche Fachleute helfen Ihnen in Arpke<\/figcaption><\/figure>\n<h2>Schl\u00fcsseldienst Lehrte Landkreis Service<\/h2>\n<p><a href=\"https:\/\/xn--schlsseldienst-lehrte-cic.de\/schluesseldienst\/ahlten\" target=\"_blank\" rel=\"noopener\">Schl\u00fcsseldienst Ahlten<\/a><br \/>\n<a href=\"https:\/\/xn--schlsseldienst-lehrte-cic.de\/schluesseldienst\/aligse\" target=\"_blank\" rel=\"noopener\">Schl\u00fcsseldienst Aligse<\/a><br \/>\n<a href=\"https:\/\/xn--schlsseldienst-lehrte-cic.de\/schluesseldienst\/arpke\">Schl\u00fcsseldienst Arpke<\/a><br \/>\n<a href=\"https:\/\/xn--schlsseldienst-lehrte-cic.de\/schluesseldienst\/haemelerwald\" target=\"_blank\" rel=\"noopener\">Schl\u00fcsseldienst H\u00e4melerwald<\/a><br \/>\n<a href=\"https:\/\/xn--schlsseldienst-lehrte-cic.de\/schluesseldienst\/immensen\">Schl\u00fcsseldienst Immensen<\/a><br \/>\n<a href=\"https:\/\/xn--schlsseldienst-lehrte-cic.de\/schluesseldienst\/schluesseldienst-kolshorn\">Schl\u00fcsseldienst Kolshorn<\/a><br \/>\nSchl\u00fcsseldienst R\u00f6ddensen<br \/>\n<a href=\"https:\/\/xn--schlsseldienst-lehrte-cic.de\/schluesseldienst\/sievershausen\">Schl\u00fcsseldienst Sievershausen<\/a><br \/>\n<a href=\"https:\/\/xn--schlsseldienst-lehrte-cic.de\/schluesseldienst\/schluesseldienst-steinwedel\">Schl\u00fcsseldienst Steinwedel<\/a><br \/>\n<a href=\"https:\/\/xn--schlsseldienst-lehrte-cic.de\/schluesseldienst\/\" target=\"_blank\" rel=\"noopener\">Schl\u00fcsseldienst Lehrte<\/a><\/p>\n<p>&nbsp;<\/p>\n","protected":false},"excerpt":{"rendered":"<p>Schl\u00fcsseldienst Arpke &nbsp; Der Schl\u00fcsseldienst Arpke (05132-5954175) hilft in und um Lehrte sofort wenn die T\u00fcr zu ist. Unser preiswerter Sofortservice f\u00fcr Immensen ist schnell bei Ihnen. Bester Service und \u00fcber 35 Jahre Erfahrung im Schl\u00fcsseldienst Bereich sprechen f\u00fcr sich. Wenn es um Absicherungen oder T\u00fcr\u00f6ffnungen geht, ist unser Schl\u00fcsseldienst f\u00fcr Lehrte Ortsteil Arpke Ihr &hellip; <a href=\"https:\/\/xn--schlsseldienst-lehrte-cic.de\/schluesseldienst\/arpke\" class=\"more-link\"><span class=\"screen-reader-text\">Arpke<\/span> weiterlesen <span class=\"meta-nav\">&rarr;<\/span><\/a><\/p>\n","protected":false},"author":1,"featured_media":0,"parent":0,"menu_order":0,"comment_status":"open","ping_status":"closed","template":"page-templates\/full-width.php","meta":{"footnotes":""},"class_list":["post-251","page","type-page","status-publish","hentry"],"_links":{"self":[{"href":"https:\/\/xn--schlsseldienst-lehrte-cic.de\/schluesseldienst\/wp-json\/wp\/v2\/pages\/251","targetHints":{"allow":["GET"]}}],"collection":[{"href":"https:\/\/xn--schlsseldienst-lehrte-cic.de\/schluesseldienst\/wp-json\/wp\/v2\/pages"}],"about":[{"href":"https:\/\/xn--schlsseldienst-lehrte-cic.de\/schluesseldienst\/wp-json\/wp\/v2\/types\/page"}],"author":[{"embeddable":true,"href":"https:\/\/xn--schlsseldienst-lehrte-cic.de\/schluesseldienst\/wp-json\/wp\/v2\/users\/1"}],"replies":[{"embeddable":true,"href":"https:\/\/xn--schlsseldienst-lehrte-cic.de\/schluesseldienst\/wp-json\/wp\/v2\/comments?post=251"}],"version-history":[{"count":1,"href":"https:\/\/xn--schlsseldienst-lehrte-cic.de\/schluesseldienst\/wp-json\/wp\/v2\/pages\/251\/revisions"}],"predecessor-version":[{"id":279,"href":"https:\/\/xn--schlsseldienst-lehrte-cic.de\/schluesseldienst\/wp-json\/wp\/v2\/pages\/251\/revisions\/279"}],"wp:attachment":[{"href":"https:\/\/xn--schlsseldienst-lehrte-cic.de\/schluesseldienst\/wp-json\/wp\/v2\/media?parent=251"}],"curies":[{"name":"wp","href":"https:\/\/api.w.org\/{rel}","templated":true}]}}