{"id":2,"date":"2013-08-09T14:08:23","date_gmt":"2013-08-09T14:08:23","guid":{"rendered":"https:\/\/xn--schlsseldienst-lehrte-cic.de\/schluesseldienst?page_id=2"},"modified":"2026-04-27T21:48:10","modified_gmt":"2026-04-27T19:48:10","slug":"schluesseldienst-lehrte-05132-5954175","status":"publish","type":"page","link":"https:\/\/xn--schlsseldienst-lehrte-cic.de\/schluesseldienst\/","title":{"rendered":"Schl\u00fcsseldienst Lehrte 05132-5954175"},"content":{"rendered":"<h2>Schl\u00fcsseldienst Lehrte Sofortservice<\/h2>\n<figure id=\"attachment_166\" aria-describedby=\"caption-attachment-166\" style=\"width: 300px\" class=\"wp-caption aligncenter\"><a href=\"https:\/\/xn--schlsseldienst-lehrte-cic.de\/schluesseldienst\/wp-content\/uploads\/Schluesseldienst-Lehrte-1.jpg\"><img loading=\"lazy\" decoding=\"async\" class=\"wp-image-166 size-medium\" title=\"Schl\u00fcsseldienst Lehrte\" src=\"https:\/\/xn--schlsseldienst-lehrte-cic.de\/schluesseldienst\/wp-content\/uploads\/Schluesseldienst-Lehrte-1-300x300.jpg\" alt=\"Schl\u00fcsseldienst Lehrte preiswerter Schl\u00fcsselnotdienst\" width=\"300\" height=\"300\" srcset=\"https:\/\/xn--schlsseldienst-lehrte-cic.de\/schluesseldienst\/wp-content\/uploads\/Schluesseldienst-Lehrte-1-300x300.jpg 300w, https:\/\/xn--schlsseldienst-lehrte-cic.de\/schluesseldienst\/wp-content\/uploads\/Schluesseldienst-Lehrte-1-150x150.jpg 150w, https:\/\/xn--schlsseldienst-lehrte-cic.de\/schluesseldienst\/wp-content\/uploads\/Schluesseldienst-Lehrte-1.jpg 693w\" sizes=\"auto, (max-width: 300px) 100vw, 300px\" \/><\/a><figcaption id=\"caption-attachment-166\" class=\"wp-caption-text\">Schl\u00fcsseldienst Lehrte<\/figcaption><\/figure>\n<p style=\"text-align: center;\">Der <strong>Schl\u00fcsseldienst Lehrte<\/strong> (05132-5954175) hilft sofort, wenn die T\u00fcr zu ist. Unser preiswerter Sofortservice ist schnell bei Ihnen und \u00f6ffnet Ihre T\u00fcr blitzschnell. Bester Service und \u00fcber 38 Jahre Erfahrung im Schl\u00fcsseldienst Bereich sprechen f\u00fcr sich.<\/p>\n<p style=\"text-align: center;\">Wenn es um Absicherungen oder T\u00fcr\u00f6ffnungen geht, ist unser Schl\u00fcsseldienst f\u00fcr Lehrte Ihr zuverl\u00e4ssiger Partner. Eine g\u00fcnstige Kostenstruktur und ein Profi Serviceteam mit besten Spezialwerkzeugen machen diesen Schl\u00fcsseldienst zu einem leistungsf\u00e4higen Anbieter im Bereich T\u00fcr\u00f6ffnungen und Absicherungen aller Art.<\/p>\n<figure id=\"attachment_287\" aria-describedby=\"caption-attachment-287\" style=\"width: 200px\" class=\"wp-caption aligncenter\"><a href=\"https:\/\/xn--schlsseldienst-lehrte-cic.de\/schluesseldienst\/wp-content\/uploads\/Tueroeffnung-in-Lehrte.png\"><img loading=\"lazy\" decoding=\"async\" class=\"size-medium wp-image-287\" src=\"https:\/\/xn--schlsseldienst-lehrte-cic.de\/schluesseldienst\/wp-content\/uploads\/Tueroeffnung-in-Lehrte-200x300.png\" alt=\"Zufriedene Kunden bei T\u00fcr\u00f6ffnungen in Lehrte\" width=\"200\" height=\"300\" srcset=\"https:\/\/xn--schlsseldienst-lehrte-cic.de\/schluesseldienst\/wp-content\/uploads\/Tueroeffnung-in-Lehrte-200x300.png 200w, https:\/\/xn--schlsseldienst-lehrte-cic.de\/schluesseldienst\/wp-content\/uploads\/Tueroeffnung-in-Lehrte-683x1024.png 683w, https:\/\/xn--schlsseldienst-lehrte-cic.de\/schluesseldienst\/wp-content\/uploads\/Tueroeffnung-in-Lehrte-768x1152.png 768w, https:\/\/xn--schlsseldienst-lehrte-cic.de\/schluesseldienst\/wp-content\/uploads\/Tueroeffnung-in-Lehrte.png 1024w\" sizes=\"auto, (max-width: 200px) 100vw, 200px\" \/><\/a><figcaption id=\"caption-attachment-287\" class=\"wp-caption-text\">T\u00fcr auf oder zu &#8211; wir helfen im sofort<\/figcaption><\/figure>\n<p style=\"text-align: center;\">Fallen Sie nicht auf die schwarzen Schafe der Branche herein, die oft keine genauen oder falsche Preisangaben machen. Bei uns erhalten Sie eine Festpreisgarantie. Ehrliche faire Preise und ein schneller Profiservice \u2013 das ist unser Motto. Sch\u00fctzen Sie jetzt Ihren Geldbeutel und Ihre Nerven. Unser freundliches Team vom Schl\u00fcsseldienst f\u00fcr Lehrte freut sich auf Ihren Anruf unter 05132-5954175 und beantwortet Ihnen gerne alle Fragen zum Thema Preise und T\u00fcr\u00f6ffnung. Beim Schl\u00fcsseldienst Lehrte sind Sie in guten H\u00e4nden.<\/p>\n<p>Keine versteckten Kosten \u2013 volle Preistransparenz \u2013 das sind unsere T\u00fcr\u00f6ffnung \u2013 Preise:<\/p>\n<ul>\n<li><strong>Montag bis Samstag von 08.00 Uhr bis 22.00 Uhr = \u20ac 111,&#8211;<\/strong><\/li>\n<li><strong>Nachts, Sonntag und an Feiertag \u20ac 140,\u2013<\/strong><\/li>\n<\/ul>\n<p>Die Preise sind f\u00fcr Lehrte g\u00fcltig und enthalten Mehrwertsteuer und Fahrtkosten sowie eventuelle Sonderdienst Zuschl\u00e4ge. In wenigen F\u00e4llen kann es erforderlich sein, dass der Schlie\u00dfzylinder nach der T\u00fcr\u00f6ffnung getauscht werden muss. Die Kosten hier belaufen sich je nach Zylinderl\u00e4nge zwischen \u20ac 35,\u2013 bis \u20ac 60,\u2013.<\/p>\n<p>Wir sind in jedem Fall aber sehr bem\u00fcht Ihre T\u00fcr ohne Zylindertausch zu \u00f6ffnen. Bei zugefallenen T\u00fcr \u00f6ffnen wir 99,5% aller T\u00fcren ohne Zylinderwechsel. Selbst wenn der Schl\u00fcssel von Innen steckt, bekommen unsere Fachleute die T\u00fcr meist ohne Zylinderwechsel ge\u00f6ffnet.<\/p>\n<p><span style=\"line-height: 1.5;\">Als Zahlungsmittel nehmen wir Bargeld oder Kartenzahlung an. Die Bezahlung ist sofort nach der Arbeitsausf\u00fchrung f\u00e4llig.<\/span><\/p>\n<p><span style=\"color: #ff0000;\"><strong>Jetzt anrufen! SOFORTHILFE Schl\u00fcsseldienst Lehrte\u00a005132-5954175<\/strong><\/span><\/p>\n<figure id=\"attachment_19\" aria-describedby=\"caption-attachment-19\" style=\"width: 300px\" class=\"wp-caption aligncenter\"><a href=\"https:\/\/xn--schlsseldienst-lehrte-cic.de\/schluesseldienst\/wp-content\/uploads\/Fotolia_11959274_XS.jpg\"><img loading=\"lazy\" decoding=\"async\" class=\"size-medium wp-image-19 \" title=\"Festpreise vom Schl\u00fcsseldienst Fachmann\" src=\"https:\/\/xn--schlsseldienst-lehrte-cic.de\/schluesseldienst\/wp-content\/uploads\/Fotolia_11959274_XS-300x211.jpg\" alt=\"Qualit\u00e4t, Kompetenz, Service\" width=\"300\" height=\"211\" srcset=\"https:\/\/xn--schlsseldienst-lehrte-cic.de\/schluesseldienst\/wp-content\/uploads\/Fotolia_11959274_XS-300x211.jpg 300w, https:\/\/xn--schlsseldienst-lehrte-cic.de\/schluesseldienst\/wp-content\/uploads\/Fotolia_11959274_XS.jpg 412w\" sizes=\"auto, (max-width: 300px) 100vw, 300px\" \/><\/a><figcaption id=\"caption-attachment-19\" class=\"wp-caption-text\">Wirkliche Fachleute helfen Ihnen<\/figcaption><\/figure>\n<h4><span style=\"font-size: 22px;\">Wie bezahlt man den Schl\u00fcsseldienst?<\/span><\/h4>\n<div data-hveid=\"CGAQAQ\" data-ved=\"2ahUKEwiJjPDugtKRAxVf5AIHHeuJAVYQj7gIegQIYBAB\">\n<div class=\"dnXCYb\" tabindex=\"0\" role=\"button\" aria-controls=\"_ZqhJaYnBNt_Ii-gP65OGsAU_104\" aria-expanded=\"true\">\n<div class=\"p8Jhnd\">\n<div class=\"aj35ze\">Seri\u00f6se Schl\u00fcsseldienste bieten \u00fcblicherweise neben der branchen\u00fcblichen Barzahlung auch die Bezahlung der Rechnung per \u00dcberweisung an. Sie haben damit den Vorteil, die Rechnung in Ruhe pr\u00fcfen. Ggf. ist vorab eine Bonit\u00e4tspr\u00fcfung des Kunden erforderlich.<\/div>\n<\/div>\n<\/div>\n<\/div>\n<div><\/div>\n<div><\/div>\n<div data-hveid=\"CAMQAQ\" data-ved=\"2ahUKEwjlx7PygtKRAxXcVPEDHdDWDJ8Qj7gIegQIAxAB\">\n<div class=\"dnXCYb\" tabindex=\"0\" role=\"button\" aria-controls=\"_bqhJaeXYEdypxc8P0K2z-Ak_2\" aria-expanded=\"true\">\n<h4 class=\"L3Ezfd\" data-ved=\"2ahUKEwjlx7PygtKRAxXcVPEDHdDWDJ8Quk56BAgDEAI\">Welche Versicherung zahlt den Schl\u00fcsselnotdienst?<\/h4>\n<\/div>\n<\/div>\n<div id=\"_bqhJaeXYEdypxc8P0K2z-Ak_2\" class=\"bCOlv\" data-ved=\"2ahUKEwjlx7PygtKRAxXcVPEDHdDWDJ8Q7NUEegQIAxAE\">\n<div class=\"IZE3Td\">\n<div class=\"r2fjmd t0bRye Sbgr0\" data-hveid=\"CAMQBQ\" data-ved=\"2ahUKEwjlx7PygtKRAxXcVPEDHdDWDJ8Qu04oAHoECAMQBQ\">\n<div id=\"bqhJaeXYEdypxc8P0K2z-Ak__3\">\n<div class=\"wDYxhc\" data-md=\"61\">\n<div class=\"LGOjhe\" data-attrid=\"wa:\/description\" data-hveid=\"CAoQAA\"><span class=\"BxUVEf ILfuVd\" lang=\"de\"><span class=\"hgKElc pOOWX\">In der\u00a0<b>Hausratversicherung<\/b> lassen sich Schl\u00fcsseldienst-Leistungen \u00fcber Zusatzbausteine wie den Haus- und Wohnungsschutzbrief unkompliziert absichern. Bei Schl\u00fcsselverlust au\u00dferhalb der eigenen vier W\u00e4nde kann die private oder gewerbliche Haftpflichtversicherung zuverl\u00e4ssig einspringen.<\/span><\/span><\/div>\n<\/div>\n<\/div>\n<\/div>\n<\/div>\n<\/div>\n<h4 data-attrid=\"wa:\/description\" data-hveid=\"CAoQAA\">Wie lange braucht der Schl\u00fcsseldienst, um eine T\u00fcr zu \u00f6ffnen?<\/h4>\n<div data-attrid=\"wa:\/description\" data-hveid=\"CAoQAA\">Wenn Sie vor verschlossener T\u00fcr stehen, wird Ihnen im Regelfall innerhalb von\u00a0<b>15 \u2013 40 Minuten<\/b> geholfen. Da ist die Wartezeit<\/div>\n<div data-attrid=\"wa:\/description\" data-hveid=\"CAoQAA\">vor Ihrer Wohnung oder Ihrem Haus in Lehrte bereits enthalten.<\/div>\n<div data-attrid=\"wa:\/description\" data-hveid=\"CAoQAA\"><\/div>\n<h3 data-attrid=\"wa:\/description\" data-hveid=\"CAoQAA\">Sanfte GEZOM \u00d6ffnungstechnik! Welche \u00d6ffnungstechniken kommen bei einer T\u00fcr\u00f6ffnung zum Einsatz?<\/h3>\n<p>Die T\u00fcr\u00f6ffnungsprofis von Lagershausen Sicherheitstechnik verf\u00fcgen \u00fcber ein breites Spektrum verschiedener T\u00fcr\u00f6ffnungsmethoden. Wir haben die F\u00e4higkeit zur Anwendung der sanften GEZOM T\u00fcr\u00f6ffnungstechnik. Je nach Situation w\u00e4hlen wir den preiswertesten Weg mit den geringsten Aufwand.<\/p>\n<div class=\"otQkpb\" role=\"heading\" aria-level=\"3\" data-animation-nesting=\"\" data-sfc-cp=\"\" data-processed=\"true\"><strong>Preis-Check 2026<\/strong><\/div>\n<div role=\"heading\" aria-level=\"3\" data-animation-nesting=\"\" data-sfc-cp=\"\" data-processed=\"true\"><\/div>\n<div class=\"otQkpb\" role=\"heading\" aria-level=\"3\" data-animation-nesting=\"\" data-sfc-cp=\"\" data-processed=\"true\">Achten Sie bei der Beauftragung auf verbindliche Festpreiszusagen, um &#8222;schwarze Schafe&#8220; zu vermeiden:<\/div>\n<div role=\"heading\" aria-level=\"3\" data-animation-nesting=\"\" data-sfc-cp=\"\" data-processed=\"true\"><\/div>\n<ul class=\"KsbFXc U6u95\" data-processed=\"true\">\n<li data-hveid=\"CAEIDBAA\"><span class=\"T286Pc\" data-sfc-cp=\"\"><strong class=\"Yjhzub\">Einfache T\u00fcr\u00f6ffnung (nur zugefallen):<\/strong> Werktags tags\u00fcber liegen seri\u00f6se Preise meist zwischen 90<strong class=\"Yjhzub\"> \u20ac und 140 \u20ac<\/strong>\u00a0inklusive Anfahrt.<\/span><\/li>\n<li data-hveid=\"CAEIDBAB\"><span class=\"T286Pc\" data-sfc-cp=\"\"><strong class=\"Yjhzub\">Abgeschlossene T\u00fcren:<\/strong>\u00a0Hier k\u00f6nnen zus\u00e4tzliche Kosten f\u00fcr Zylinderwechsel oder Spezialwerkzeug anfallen (ca. 100 \u20ac bis 150 \u20ac).<\/span><\/li>\n<li data-hveid=\"CAEIDBAC\"><span class=\"T286Pc\" data-sfc-cp=\"\"><strong class=\"Yjhzub\">Vorsicht:<\/strong> Lockangebote unter 30 \u20ac beziehen sich oft nur auf die reine \u00d6ffnung ohne Anfahrt oder MwSt.<\/span><\/li>\n<\/ul>\n<div class=\"Y3BBE\" data-sfc-cp=\"\" data-hveid=\"CAEIDRAA\" data-processed=\"true\"><strong class=\"Yjhzub\">Tipp:<\/strong> Fragen Sie bereits am Telefon nach dem E<strong class=\"Yjhzub\">ndpreis<\/strong> inklusive Anfahrt und Mehrwertsteuer f\u00fcr Ihre T\u00fcr\u00f6ffnung in<\/div>\n<div data-sfc-cp=\"\" data-hveid=\"CAEIDRAA\" data-processed=\"true\">Lehrte.<\/div>\n<h2>Schl\u00fcsseldienst Lehrte Landkreis Service<\/h2>\n<p><a href=\"https:\/\/xn--schlsseldienst-lehrte-cic.de\/schluesseldienst\/ahlten\" target=\"_blank\" rel=\"noopener\">Schl\u00fcsseldienst Ahlten<\/a><br \/>\n<a href=\"https:\/\/xn--schlsseldienst-lehrte-cic.de\/schluesseldienst\/aligse\">Schl\u00fcsseldienst Aligse<\/a><br \/>\n<a href=\"https:\/\/xn--schlsseldienst-lehrte-cic.de\/schluesseldienst\/arpke\">Schl\u00fcsseldienst Arpke<\/a><br \/>\n<a href=\"https:\/\/xn--schlsseldienst-lehrte-cic.de\/schluesseldienst\/haemelerwald\" target=\"_blank\" rel=\"noopener\">Schl\u00fcsseldienst H\u00e4melerwald<\/a><br \/>\n<a href=\"https:\/\/xn--schlsseldienst-lehrte-cic.de\/schluesseldienst\/immensen\">Schl\u00fcsseldienst Immensen<\/a><br \/>\n<a href=\"https:\/\/xn--schlsseldienst-lehrte-cic.de\/schluesseldienst\/schluesseldienst-kolshorn\">Schl\u00fcsseldienst Kolshorn<\/a><br \/>\nSchl\u00fcsseldienst R\u00f6ddensen<br \/>\n<a href=\"https:\/\/xn--schlsseldienst-lehrte-cic.de\/schluesseldienst\/sievershausen\">Schl\u00fcsseldienst Sievershausen<\/a><br \/>\n<a href=\"https:\/\/xn--schlsseldienst-lehrte-cic.de\/schluesseldienst\/schluesseldienst-steinwedel\">Schl\u00fcsseldienst Steinwedel<\/a><br \/>\n<a href=\"https:\/\/xn--schlsseldienst-lehrte-cic.de\/schluesseldienst\/\">Schl\u00fcsseldienst Lehrte<\/a><\/p>\n<p><a href=\"https:\/\/xn--schlsseldienst-lehrte-cic.de\/schluesseldienst\/31275_lehrte\">31275 Lehrte Schl\u00fcsseldienst<\/a><\/p>\n<h3>\u00a0Schl\u00fcsseldienst Service in allen Stra\u00dfen von Lehrte<\/h3>\n<p>Aalgrund<br \/>\nAhltener Str.<br \/>\nAhornallee<br \/>\nAhornweg<br \/>\nAhrbeke<br \/>\nAkazienweg<br \/>\nAldagessemring<br \/>\nAligser Dorfstr.<br \/>\nAligser Weg<br \/>\nAllensteiner Str.<br class=\"yoast-text-mark\" \/>Alte Dorfstr.<br class=\"yoast-text-mark\" \/>Alte Schlosserei<br \/>\nAlter Kirchweg<br \/>\nAm Alten Brunnen<br \/>\nAm Alten Friedhof<br \/>\nAm Alten Sportplatz<br \/>\nAm Bahnhof<br \/>\nAm Distelborn<br \/>\nAm Dornbusch<br \/>\nAm Eichenhain<br \/>\nAm Fleith<br \/>\nAm Gehrkamp<br \/>\nAm Ginsterbusch<br \/>\nAm Gosekamp<br \/>\nAm Grenzgraben<br \/>\nAm Hainhop<br \/>\nAm Hainwald<br \/>\nAm Hangenden<br \/>\nAm H\u00fchnerbruch<br \/>\nAm Kirchberg<br \/>\nAm Kronsberg<br \/>\nAm Langen Acker<br \/>\nAm Lindenberg<br \/>\nAm L\u00f6ser<br \/>\nAm M\u00fchlenberg<br \/>\nAm M\u00fchlenende<br \/>\nAm Ortfelde<br \/>\nAm Parkschl\u00f6sschen<br \/>\nAm Pregel<br \/>\nAm Rathaus<br \/>\nAm Rathausplatz<br \/>\nAm Rehwinkel<br \/>\nAm Scharl<br \/>\nAm Schnittgraben<br \/>\nAm Sch\u00fctzenplatz<br \/>\nAm Sportheim<br \/>\nAm Stadtpark<br \/>\nAm S\u00fcdende<br \/>\nAm S\u00fclterberg<br \/>\nAm Tanngarten<br \/>\nAm Teich<br \/>\nAm Wacholder<br \/>\nAm Waldbad<br \/>\nAm Waldsee<br \/>\nAm Wassergraben<br \/>\nAm Wiesenhof<br \/>\nAm Wollbecksmoor<br \/>\nAmbosteler Weg<br \/>\nAmselweg<br \/>\nAn der Bockm\u00fchle<br \/>\nAn der Feuerwache<br \/>\nAn der Kirche<br \/>\nAn der Masch<br \/>\nAn der Rampe<br \/>\nAn der Tr\u00e4nke<br \/>\nAn der Weide<br \/>\nAngerweg<br \/>\nApfelallee<br \/>\nArndtstr.<br \/>\nArpker Str.<br \/>\nAsternplatz<br \/>\nAsternstr.<br \/>\nAuf den Block\u00e4ckern<br \/>\nAuf den Pohl\u00e4ckern<\/p>\n<p>Bachgasse<br \/>\nBachstr.<br \/>\nBackhausstr.<br \/>\nBahnhofstr.<br \/>\nBarnstorfplatz<br \/>\nBauernstr.<br \/>\nBauernwinkel<br \/>\nBeerenweg<br \/>\nBeethovenring<br \/>\nBeinhorner Weg<br \/>\nBennigsenstr.<br \/>\nBergstr.<br \/>\nBerliner Str.<br \/>\nBernsteinstr.<br \/>\nBillungweg<br \/>\nBindestr.<br \/>\nBirkenrain<br \/>\nBirkenstrasse<br \/>\nBirkenweg<br \/>\nBirkenwinkel<br \/>\nBlumenhof<br \/>\nBlumenstr.<br \/>\nBl\u00fccherstr.<br \/>\nBl\u00fctenweg<br \/>\nBohenkamp<br \/>\nBoschstr.<br \/>\nBrahmsweg<br \/>\nBrammerhoop<br \/>\nBrandenburger Str.<br \/>\nBrandenkamp<br \/>\nBrassenwinkel<br \/>\nBraunsberger Str.<br \/>\nBraunschweiger Str.<br \/>\nBreite Lade<br \/>\nBreite Riede<br \/>\nBreslauer Strasse<br \/>\nBreslauer Weg<br \/>\nBrinkstr.<br \/>\nBrombeerkamp<br \/>\nBruchstr.<br \/>\nBrucknerstr.<br \/>\nBr\u00fcckendamm<br \/>\nBuchenberg<br \/>\nBuchenweg<br \/>\nBuchholzstr.<br \/>\nBurchard-Retschy-Ring<br \/>\n<del>Burgdorfer Kirchweg<\/del><br \/>\nBurgdorfer Str.<br \/>\nBuschweg<br \/>\nBussardweg<br \/>\nB\u00e4ckerstieg<br \/>\nB\u00fcrgermeister-Fuge-Str.<br \/>\nB\u00fcrgerstr.<\/p>\n<p>Celler Str.<br \/>\nClaudiusweg<br \/>\nCorinthweg<br \/>\nCranachweg<\/p>\n<p>Dachsbau<br \/>\nDaimlerstr.<br \/>\nDamaschkestr.<br \/>\nDammbusch<br \/>\nDammfeldstr.<br \/>\nDammweg<br \/>\nDanziger Platz<br \/>\nDepenauer Ring<br \/>\nDepenauer Weg<br \/>\nDessauer Str.<br \/>\nDianastr.<br \/>\nDieselstr.<br \/>\nDoktorstr.<br \/>\nDolgener Str.<br \/>\nDorfgarten<br \/>\nDorfstr.<br \/>\nDornbuschgasse<br \/>\nDreiers Garten<br \/>\nDresdener Str.<br \/>\nDrosselgarten<br \/>\nDrosselweg<br \/>\nD\u00fcrerring<\/p>\n<p>Edelerstr.<br \/>\nEdelgrasweg<br \/>\nEichendorffstr.<br \/>\nEichenkamp<br \/>\nEichenwaldstr.<br \/>\nEichenweg<br \/>\nEikersweg<br \/>\nEilertweg<br \/>\nEisenbahnl\u00e4ngsweg<br \/>\nElbinger Str.<br \/>\nElsternweg<br \/>\nErlengrund<br \/>\nErlenweg<br \/>\nErnst-August-Str.<br \/>\nErnst-Reuter-Str.<br \/>\nEschenbruch<br \/>\nEschenweg<br \/>\nEspenweg<br \/>\nEverner Str.<\/p>\n<p>Gartenstr.<br \/>\nGarvesser Ring<br \/>\nGau\u00dfstr.<br \/>\nGermaniastr.<br \/>\nGewerbestr.<br \/>\nGladiolenweg<br \/>\nGleiwitzer Str.<br \/>\nGl\u00fcck-Auf-Weg<br \/>\nGl\u00fcckauf-Weg<br \/>\nGneisenaustr.<br \/>\nGoethestr.<br \/>\nGrafhornstr.<br \/>\nGrethenstr.<br \/>\nGro\u00dfe Moorstr.<br \/>\nGr\u00fcnstr.<br \/>\nGut Adolfshof<br \/>\nGut Schierke<br \/>\nG\u00e4nsekamp<br \/>\nG\u00e4rtnereiweg<br \/>\nG\u00f6rlitzer Weg<br \/>\nHabichthorst<br \/>\nHaffstr.<br \/>\nHagekamp<br \/>\nHagenstr.<br \/>\nHainwinkel<br \/>\nHannoversche Str.<br \/>\nHardenbergstr.<br \/>\nHarm-Baucholt-Gasse<br \/>\nHaselnu\u00dfweg<br \/>\nHasendamm<br \/>\nHasenwinkel<br \/>\nHauptstr.<br \/>\nHaydnweg<br \/>\nHechtweg<br \/>\nHeckenweg<br \/>\nHeidecker Weg<br \/>\nHeidering<br \/>\nHeidgarten<br \/>\nHeimst\u00e4ttenweg<br \/>\nHeinrich-Beinsen-Str.<br \/>\nHeinrich-Kobbe-Str.<br \/>\nHeinrich-Lampe-Str.<br \/>\nHeisterweg<br \/>\nHermann-L\u00f6ns-Str.<br \/>\nHermesstr.<br \/>\nHerzogweg<br \/>\nHildesheimer Str.<br \/>\nHinter dem Bruche<br \/>\nHinter den Langen H\u00f6fen<br \/>\nHirschberger Str.<br \/>\nHirtenweg<br \/>\nHofwinkel<br \/>\nHoher Kamp<br \/>\nHohnhorstweg<br \/>\nHolbeinweg<br \/>\nHolunderweg<br \/>\nHolzweg<br \/>\nHubertusstr.<br \/>\nH\u00e4melerwalder Str.<br \/>\nH\u00e4ndelstr.<br \/>\nH\u00f6penweg<br \/>\nH\u00fchnerbruch<\/p>\n<p>Iltener Str.<br \/>\nIm Bodendeichsfeld<br \/>\nIm Bruche<br \/>\nIm Felsengrund<br \/>\nIm Gesenk<br \/>\nIm Gro\u00dfen Freien<br \/>\nIm Grund<br \/>\nIm Heerseacker<br \/>\nIm Heidegrund<br \/>\nIm Kleifeld<br \/>\nIm Kornfeld<br \/>\nIm Lah<br \/>\nIm See<br \/>\nIm Sonnengrund<br \/>\nIm Stegefeld<br \/>\nIm Tiefenbruch<br \/>\nIm Weidengrund<br \/>\nIm Wiesengrund<br \/>\nIm Winkel<br \/>\nIm W\u00fcsten Feld<br \/>\nImkerweg<br \/>\nImmenser Str.<br \/>\nImmenweg<br \/>\nIn der Harst<br \/>\nIndustriestr.<br \/>\nInsterburger Strasse<\/p>\n<p>Jacobyweg<br \/>\nJetterieweg<br \/>\nJohn-F.-Kennedy-Str.<br \/>\nJupiterring<br \/>\nJ\u00e4gerhof<br \/>\nKaliweg<br \/>\nKampstr.<br \/>\nKantstr.<br \/>\nKapellenstr.<br \/>\nKarpfengasse<br \/>\nKastanienweg<br \/>\nKatt&#8217;sche Str.<br \/>\nKattenriede<br \/>\nKehrwiederstr.<br \/>\nKestnerstr.<br \/>\nKiefernweg<br \/>\nKirchlahe<br \/>\nKirchnerweg<br \/>\nKirchsteig<br \/>\nKirchweg<br \/>\nKleegarten<br \/>\nKnappenweg<br \/>\nKnockenwinkel<br \/>\nKn\u00fcppelsdorfer Weg<br \/>\nKolberger Str.<br \/>\nKollwitzweg<br \/>\nKolshorner Hof<br \/>\nKolshorner Str.<br \/>\nKoppelweg<br \/>\nKreuzbuchenweg<br \/>\nKreuzkamp<br \/>\nKrummer Kamp<br \/>\nKuhlkamp<br \/>\nKurf\u00fcrstenstr.<br \/>\nKurze Str.<br \/>\nKurzer Weg<br \/>\nK\u00f6hlerheide<br \/>\nK\u00f6nigsberger Str.<br \/>\nK\u00f6nigstr.<br \/>\nK\u00f6rnerstr.<br \/>\nK\u00f6thenwaldstr.<br \/>\nK\u00fcstriner Weg<\/p>\n<p>Ladestr.<br \/>\nLange Str.<br \/>\nLeharweg<br \/>\nLehrter See<br \/>\nLehrter Str.<br \/>\nLeibnizweg<br \/>\nLeinestr.<br \/>\nLeipziger Str.<br \/>\nLessingstr.<br \/>\nLibellenring<br \/>\nLichtenbergweg<br \/>\nLiebermannweg<br \/>\nLilienweg<br \/>\nLinckestr.<br \/>\nLindenweg<br \/>\nLortzingweg<br \/>\nLouise-Otto-Ring<br \/>\nL\u00fcneburger Str.<br \/>\nL\u00fctzowstr.<\/p>\n<p>Magdalenenweg<br \/>\nMahlrockweg<br \/>\nManskestr.<br \/>\nMardersteg<br \/>\nMargeritenweg<br \/>\nMarienburger Str.<br \/>\nMarkscheiderweg<br \/>\nMarktstr.<br \/>\nMarsstr.<br \/>\nMaschwiesen<br \/>\nMeisenwinkel<br \/>\nMeisterstr.<br \/>\nMemeler Str.<br \/>\nMemelring<br \/>\nMenzelweg<br \/>\nMergelfeld<br \/>\nMerkurring<br \/>\nMielestr.<br \/>\nMilchstr.<br \/>\nMisburger Weg<br \/>\nMittelstr.<br \/>\nMoltkestr.<br \/>\nMoritzweg<br \/>\nMozartwinkel<br \/>\nM\u00fchlenfeld<br \/>\nM\u00fchlengasse<\/p>\n<p>Nachtigallenweg<br \/>\nNadrauenweg<br \/>\nNasser Kamp<br \/>\nNei\u00dfeweg<br \/>\nNelkenstr.<br \/>\nNeptunring<br \/>\nNeue Str.<br \/>\nNeue Wiese<br \/>\nNeues Zentrum<br \/>\nNiedersachsenstr.<br \/>\nNoldeweg<br \/>\nNollenweg<br \/>\nNordlicht<br \/>\nNordstern<br \/>\nOderweg<br \/>\nOelerser Str.<br \/>\nOffenbachstr.<br \/>\nOsterstr.<br \/>\nOstlandstr.<br \/>\nOtto-B\u00f6decker-Str.<br \/>\nPappelweg<br \/>\nParkstr.<br \/>\nPeiner Heerstr.<br \/>\nPfarrstr.<br \/>\nPlanetenstr.<br \/>\nPlutoweg<br \/>\nPl\u00f6tzengrund<br \/>\nPommernstr.<br \/>\nPoststr.<br \/>\nPregelweg<br \/>\nPrieskamp<\/p>\n<p>Raabestr.<br \/>\nRaiffeisenstr.<br \/>\nRamhorst<br \/>\nRamhorster Str.<br \/>\nRathausplatz<br \/>\nRehsprung<br \/>\nRethmarstr.<br \/>\nReuschersweg<br \/>\nRichtersdorf<br \/>\nRichterweg<br \/>\nRichtweg<br \/>\nRiedweg<br \/>\nRiegelstr.<br \/>\nRingstr.<br \/>\nRoseneck<br \/>\nRosengarten<br \/>\nRosengrund<br \/>\nRosenstr.<br \/>\nRossittenweg<br \/>\nRotdornweg<br \/>\nRotfederweg<br \/>\nRudolf-Petzold-Ring<br \/>\nR\u00f6ddenser Dorfstr.<br \/>\nR\u00f6hrser Weg<br \/>\nR\u00fcgenstr.<br \/>\nSalamanderweg<br \/>\nSandbergweg<br \/>\nSandweg<br \/>\nSaturnring<br \/>\nSauerweg<br \/>\nSchanzenfeld<br \/>\nScharnhorststr.<br \/>\nSchilfkamp<br \/>\nSchillerstr.<br \/>\nSchlachterstr.<br \/>\nSchlahdekamp<br \/>\nSchlehengarten<br \/>\nSchleienweg<br \/>\nSchlesische Str.<br \/>\nSchl\u00e4gelweg<br \/>\nSchmiedestr.<br \/>\nSchmiedeweg<br \/>\nSchl\u00fcsseldienst Lehrte<br \/>\nSchl\u00fcsselnotdienst Lehrte<br \/>\nSchneeballweg<br \/>\nSchubertstr.<br \/>\nSchumannstr.<br \/>\nSchwarzer Weg<br \/>\nSchw\u00fcblingser Str.<br \/>\nSch\u00e4ferweg<br \/>\nSch\u00fctzenstr.<br \/>\nSedanplatz<br \/>\nSeemorgen<br \/>\nSehnder Landstr.<br \/>\nSehnder Str.<br \/>\nSibeliusweg<br \/>\nSiekfeldstr.<br \/>\nSievershausener Str.<br \/>\nSonnenweg<br \/>\nSophie-Scholl-Ring<br \/>\nSperlingsgasse<br \/>\nSpreewaldstr.<br \/>\nStackmannstr.<br \/>\nStarenweg<br \/>\nSteigerweg<br \/>\nSteinbeck<br \/>\nSteinfurtriede<br \/>\nSteingartenweg<br \/>\nSteinkamp<br \/>\nSteinstr.<br \/>\nSteinwedeler Kirchweg<br \/>\nSteinwedeler Str.<br \/>\nSternstr.<br \/>\nSterntalerstr.<br \/>\nStettiner Str.<br \/>\nStieglitzweg<br \/>\nStille Gasse<br \/>\nStiller Winkel<br \/>\nStorchenweg<br \/>\nStormstr.<br \/>\nStra\u00dfburger Str.<br \/>\nS\u00fcdring<br \/>\nS\u00fcdstrasse<\/p>\n<p>Tannenbergstr.<br \/>\nTannenweg<br \/>\nTaubenholzweg<br \/>\nTaubenstr.<br \/>\nTeichstr.<br \/>\nTiefe Str.<br \/>\nTiefenriede<br \/>\nTrift<br \/>\nTriftkamp<br \/>\nTulpenstr.<\/p>\n<p>Uckermarkstr.<br \/>\nUhlandstr.<br \/>\nUlmenallee<br \/>\nUlmenweg<br \/>\nUnter den Eichen<br \/>\nUnter den Linden<br \/>\nUsedomstr<br \/>\nVater-Jahn-Str.<br \/>\nVenusring<br \/>\nVilla Nordstern<br \/>\nVogelweide<br \/>\nVon-Borcke-Str.<br \/>\nVon-Gadenstedt-Weg<br \/>\nVor dem Hee\u00dfel<br \/>\nVor dem Nordwald<br \/>\nVor dem Osterholze<br \/>\nVor den G\u00e4rten<br \/>\nVor der Hohnhorst<br \/>\nVor der Ramhorst<\/p>\n<p>Wagnerstr.<br \/>\nWaldfrieden<br \/>\nWaldmeisterweg<br \/>\nWaldparkstr.<br \/>\nWeberplatz<br \/>\nWeberstr.<br \/>\nWehrbusch<br \/>\nWeichselweg<br \/>\nWeidekamp<br \/>\nWei\u00dfdornweg<br \/>\nWeserstr.<br \/>\nWestende<br \/>\nWesterende<br \/>\nWesterstr.<br \/>\nWestpreu\u00dfenstr.<br \/>\nWestring<br \/>\nWiehenkamp<br \/>\nWiesenstr.<br \/>\nWiesenweg<br \/>\nWilhelm-Busch-Str.<br \/>\nWilhelm-Henze-Str.<br \/>\nWilhelmstr.<br \/>\nWindm\u00fchlenstr.<br \/>\nWintershall Allee<br \/>\nWollinstr.<br \/>\nWorthstr.<br \/>\nW\u00f6hlerstr.<\/p>\n<p>Yorckstr.<br \/>\nZanderweg<br \/>\nZeisigweg<br \/>\nZiegeleistr.<br \/>\nZillestr.<br \/>\nZuckerpassage<br \/>\nZum Ackern<br \/>\nZum Alten Dorf<br \/>\nZum Blauen See<br \/>\nZum Braken<br \/>\nZum Grafhorn<br \/>\nZum Grenzgraben<br \/>\nZum Gro\u00dfen Freien<br \/>\nZum H\u00e4meler Wald<br \/>\nZum Kr\u00e4henfeld<br \/>\nZum Meersefeld<br \/>\nZum Ochsenl\u00e4ger<br \/>\nZum Roden<br \/>\nZum Silberkamp<br \/>\nZur Hilgenwiese<br \/>\nZur Kreuzeiche<br \/>\nZur Wildtr\u00e4nke<\/p>\n<p>Links:<\/p>\n<p><a title=\"Schl\u00fcsseldienst Lehrte Impressum\" href=\"https:\/\/xn--schlsseldienst-lehrte-cic.de\/schluesseldienst\/schluesseldienst-lehrte-impressum\">Impressum<\/a><\/p>\n<p><a href=\"https:\/\/schluesseldienst-fachbetrieb.de\">Schl\u00fcsseldienst Fachbetrieb<\/a><\/p>\n<p><a href=\"http:\/\/schluesseldienst-hannover-linden.de\" target=\"_blank\" rel=\"noopener noreferrer\">Schl\u00fcsseldienst Hannover Linden<\/a><\/p>\n<p><a title=\"Schl\u00fcsseldienst Hannover List\" href=\"http:\/\/schluesseldienst-hannover-list.com\/schluesselnotdienst\/\" target=\"_blank\" rel=\"noopener noreferrer\">Schl\u00fcsseldienst Hannover\u00a0List<\/a><\/p>\n<p><a title=\"Schl\u00fcsseldienst Laatzen\" href=\"http:\/\/schluesseldienst-hanover.de\/schluesseldienst-laatzen\" target=\"_blank\" rel=\"noopener noreferrer\">Schl\u00fcsseldienst Laatzen<\/a><\/p>\n<p><a href=\"https:\/\/schluesseldienst-garbsen.de\/\">Schl\u00fcsseldienst Garbsen<\/a><\/p>\n","protected":false},"excerpt":{"rendered":"<p>Schl\u00fcsseldienst Lehrte Sofortservice Der Schl\u00fcsseldienst Lehrte (05132-5954175) hilft sofort, wenn die T\u00fcr zu ist. Unser preiswerter Sofortservice ist schnell bei Ihnen und \u00f6ffnet Ihre T\u00fcr blitzschnell. Bester Service und \u00fcber 38 Jahre Erfahrung im Schl\u00fcsseldienst Bereich sprechen f\u00fcr sich. Wenn es um Absicherungen oder T\u00fcr\u00f6ffnungen geht, ist unser Schl\u00fcsseldienst f\u00fcr Lehrte Ihr zuverl\u00e4ssiger Partner. Eine &hellip; <a href=\"https:\/\/xn--schlsseldienst-lehrte-cic.de\/schluesseldienst\/\" class=\"more-link\"><span class=\"screen-reader-text\">Schl\u00fcsseldienst Lehrte 05132-5954175<\/span> weiterlesen <span class=\"meta-nav\">&rarr;<\/span><\/a><\/p>\n","protected":false},"author":1,"featured_media":0,"parent":0,"menu_order":0,"comment_status":"open","ping_status":"open","template":"page-templates\/full-width.php","meta":{"footnotes":""},"class_list":["post-2","page","type-page","status-publish","hentry"],"_links":{"self":[{"href":"https:\/\/xn--schlsseldienst-lehrte-cic.de\/schluesseldienst\/wp-json\/wp\/v2\/pages\/2","targetHints":{"allow":["GET"]}}],"collection":[{"href":"https:\/\/xn--schlsseldienst-lehrte-cic.de\/schluesseldienst\/wp-json\/wp\/v2\/pages"}],"about":[{"href":"https:\/\/xn--schlsseldienst-lehrte-cic.de\/schluesseldienst\/wp-json\/wp\/v2\/types\/page"}],"author":[{"embeddable":true,"href":"https:\/\/xn--schlsseldienst-lehrte-cic.de\/schluesseldienst\/wp-json\/wp\/v2\/users\/1"}],"replies":[{"embeddable":true,"href":"https:\/\/xn--schlsseldienst-lehrte-cic.de\/schluesseldienst\/wp-json\/wp\/v2\/comments?post=2"}],"version-history":[{"count":19,"href":"https:\/\/xn--schlsseldienst-lehrte-cic.de\/schluesseldienst\/wp-json\/wp\/v2\/pages\/2\/revisions"}],"predecessor-version":[{"id":311,"href":"https:\/\/xn--schlsseldienst-lehrte-cic.de\/schluesseldienst\/wp-json\/wp\/v2\/pages\/2\/revisions\/311"}],"wp:attachment":[{"href":"https:\/\/xn--schlsseldienst-lehrte-cic.de\/schluesseldienst\/wp-json\/wp\/v2\/media?parent=2"}],"curies":[{"name":"wp","href":"https:\/\/api.w.org\/{rel}","templated":true}]}}